{"id":112202,"date":"2022-08-29T08:22:15","date_gmt":"2022-08-29T08:22:15","guid":{"rendered":"https:\/\/www.kamasys.de\/?page_id=112202"},"modified":"2026-03-26T09:34:11","modified_gmt":"2026-03-26T09:34:11","slug":"agb","status":"publish","type":"page","link":"https:\/\/www.kamasys.de\/index.php\/agb\/","title":{"rendered":"AGB"},"content":{"rendered":"<div class=\"wpb-content-wrapper\">[vc_row][vc_column][vc_column_text uncode_shortcode_id=&#8220;139328&#8243;]\r\n<p><b>Allgemeine Gesch\u00e4fts- und Verkaufsbedingungen der kamasys GmbH\u00a0<\/b><br \/><b><br \/><\/b><\/p>\r\n<div>\r\n<p><b>\u00a7 1 Geltungsbereich<\/b><\/p>\r\n<\/div>\r\n<div>\r\n<p>(1) Diese Verkaufsbedingungen gelten ausschlie\u00dflich und nur gegen\u00fcber Unternehmern, juristischen Personen des \u00f6ffentlichen Rechts oder \u00f6ffentlich-rechtlichen Sonderverm\u00f6gen im Sinne von \u00a7 310 Absatz 1 BGB. Entgegenstehende oder von unseren Verkaufsbedingungen abweichende Bedingungen des Bestellers erkennen wir nur an, wenn wir ausdr\u00fccklich schriftlich der Geltung zustimmen.<\/p>\r\n<\/div>\r\n<div>\r\n<p>(2) Diese Verkaufsbedingungen gelten auch f\u00fcr alle zuk\u00fcnftigen Gesch\u00e4fte mit dem Besteller, soweit es sich um Rechtsgesch\u00e4fte verwandter Art handelt.<\/p>\r\n<\/div>\r\n<div>\r\n<p>&nbsp;<\/p>\r\n<p><b>\u00a7 2 Angebot und Vertragsabschluss<\/b><\/p>\r\n<\/div>\r\n<div>\r\n<p>Sofern eine Bestellung als Angebot gem\u00e4\u00df \u00a7 145 BGB anzusehen ist, k\u00f6nnen wir diese innerhalb von zwei Wochen annehmen.<\/p>\r\n<\/div>\r\n<div>\r\n<p>&nbsp;<\/p>\r\n<p><b>\u00a7 3 \u00dcberlassene Unterlagen<\/b><\/p>\r\n<\/div>\r\n<div>\r\n<p>An allen in Zusammenhang mit der Auftragserteilung dem Besteller \u00fcberlassenen Unterlagen, wie z.B. Kalkulationen, Zeichnungen etc., behalten wir uns Eigentums- und Urheberrechte vor. Diese Unterlagen d\u00fcrfen Dritten nicht zug\u00e4nglich gemacht werden, es sei denn, wir erteilen dazu dem Besteller unsere ausdr\u00fcckliche schriftliche Zustimmung. Soweit wir das Angebot des Bestellers nicht innerhalb der Frist von \u00a7 2 annehmen, sind diese Unterlagen uns unverz\u00fcglich zur\u00fcckzusenden.<\/p>\r\n<\/div>\r\n<div>\r\n<p>&nbsp;<\/p>\r\n<p><b>\u00a7 4 Preise und Zahlung<\/b><\/p>\r\n<\/div>\r\n<div>\r\n<p>(1) Sofern nichts Gegenteiliges schriftlich vereinbart wird, gelten unsere Preise ab Werk ausschlie\u00dflich Verpackung und zuz\u00fcglich Mehrwertsteuer in jeweils g\u00fcltiger H\u00f6he. Kosten der Verpackung werden gesondert in Rechnung gestellt.<\/p>\r\n<\/div>\r\n<div>\r\n<p>(2) Die Zahlung des Kaufpreises hat ausschlie\u00dflich auf das umseitig genannte Konto zu erfolgen. Der Abzug von Skonto ist nur bei schriftlicher besonderer Vereinbarung zul\u00e4ssig.<\/p>\r\n<\/div>\r\n<div>\r\n<p>Sparkasse Hannover<\/p>\r\n<\/div>\r\n<div>\r\n<p>DE09 2505 0180 0910 0938 06<\/p>\r\n<\/div>\r\n<div>\r\n<p>(3) Sofern nichts anderes vereinbart wird, ist der Kaufpreis innerhalb von 14 Tagen nach Lieferung zu zahlen. Verzugszinsen werden in H\u00f6he von 5 % \u00fcber dem jeweiligen Basiszinssatz p. a. berechnet. Die Geltendmachung eines h\u00f6heren Verzugsschadens bleibt vorbehalten.<\/p>\r\n<\/div>\r\n<div>\r\n<p>(4) Sofern keine Festpreisabrede getroffen wurde, bleiben angemessene Preis\u00e4nderungen wegen ver\u00e4nderter Lohn-, Material- und Vertriebskosten f\u00fcr Lieferungen, die 3 Monate oder sp\u00e4ter nach Vertragsabschluss erfolgen, vorbehalten.<\/p>\r\n<\/div>\r\n<div>\r\n<p>&nbsp;<\/p>\r\n<\/div>\r\n<div>\r\n<p><b>\u00a7 5 Aufrechnung und Zur\u00fcckbehaltungsrechte<\/b><\/p>\r\n<\/div>\r\n<div>\r\n<p>Dem Besteller steht das Recht zur Aufrechnung nur zu, wenn seine Gegenanspr\u00fcche rechtskr\u00e4ftig festgestellt oder unbestritten sind. Zur Aus\u00fcbung eines Zur\u00fcckbehaltungsrechts ist der Besteller nur insoweit befugt, als sein Gegenanspruch auf dem gleichen Vertragsverh\u00e4ltnis beruht.<\/p>\r\n<\/div>\r\n<div>\r\n<p>&nbsp;<\/p>\r\n<p><b>\u00a7 6 Lieferzeit<\/b><\/p>\r\n<\/div>\r\n<div>\r\n<p>(1) Der Beginn der von uns angegebenen Lieferzeit setzt die rechtzeitige und ordnungsgem\u00e4\u00dfe Erf\u00fcllung der Verpflichtungen des Bestellers voraus. Die Einrede des nicht erf\u00fcllten Vertrages bleibt vorbehalten.<\/p>\r\n<\/div>\r\n<div>\r\n<p>(2) Kommt der Besteller in Annahmeverzug oder verletzt er schuldhaft sonstige Mitwirkungspflichten, so sind wir berechtigt, den uns insoweit entstehenden Schaden, einschlie\u00dflich etwaiger Mehraufwendungen ersetzt zu verlangen. Weitergehende Anspr\u00fcche bleiben vorbehalten. Sofern vorstehende Voraussetzungen vorliegen, geht die Gefahr eines zuf\u00e4lligen Untergangs oder einer zuf\u00e4lligen Verschlechterung der Kaufsache in dem Zeitpunkt auf den Besteller \u00fcber, in dem dieser in Annahme- oder Schuldnerverzug geraten ist.<\/p>\r\n<\/div>\r\n<div>\r\n<p>(3) Wir haften im Fall des von uns nicht vors\u00e4tzlich oder grob fahrl\u00e4ssig herbeigef\u00fchrten Lieferverzugs f\u00fcr jede vollendete Woche Verzug im Rahmen einer pauschalierten Verzugsentsch\u00e4digung in H\u00f6he von 3 % des Lieferwertes, maximal jedoch nicht mehr als\u00a0\u00a0 \u00a015 % des Lieferwertes.<\/p>\r\n<\/div>\r\n<div>\r\n<p>(4) Weitere gesetzliche Anspr\u00fcche und Rechte des Bestellers wegen eines Lieferverzuges bleiben unber\u00fchrt.<\/p>\r\n<\/div>\r\n<div>\r\n<p>&nbsp;<\/p>\r\n<p><b>\u00a7 7 Gefahr\u00fcbergang bei Versendung<\/b><\/p>\r\n<\/div>\r\n<div>\r\n<p>Wird die Ware auf Wunsch des Bestellers an diesen versandt, so geht mit der Absendung an den Besteller, sp\u00e4testens mit Verlassen des Werks\/Lagers die Gefahr des zuf\u00e4lligen Untergangs oder der zuf\u00e4lligen Verschlechterung der Ware auf den Besteller \u00fcber. Dies gilt unabh\u00e4ngig davon, ob die Versendung der Ware vom Erf\u00fcllungsort erfolgt oder wer die Frachtkosten tr\u00e4gt.<\/p>\r\n<\/div>\r\n<div>\r\n<p>&nbsp;<\/p>\r\n<p><b>\u00a7 8 Eigentumsvorbehalt\u00a0<\/b><\/p>\r\n<\/div>\r\n<div>\r\n<p>(1) Wir behalten uns das Eigentum an der gelieferten Sache bis zur vollst\u00e4ndigen Zahlung s\u00e4mtlicher Forderungen aus dem Liefervertrag vor. Dies gilt auch f\u00fcr alle zuk\u00fcnftigen Lieferungen, auch wenn wir uns nicht stets ausdr\u00fccklich hierauf berufen. Wir sind berechtigt, die Kaufsache zur\u00fcckzunehmen, wenn der Besteller sich vertragswidrig verh\u00e4lt.<\/p>\r\n<\/div>\r\n<div>\r\n<p>(2) Der Besteller ist verpflichtet, solange das Eigentum noch nicht auf ihn \u00fcbergegangen ist, die Kaufsache pfleglich zu behandeln. Insbesondere ist er verpflichtet, diese auf eigene Kosten gegen Diebstahl-, Feuer- und Wassersch\u00e4den ausreichend zum Neuwert zu versichern. M\u00fcssen Wartungs- und Inspektionsarbeiten durchgef\u00fchrt werden, hat der Besteller diese auf eigene Kosten rechtzeitig auszuf\u00fchren. Solange das Eigentum noch nicht \u00fcbergegangen ist, hat uns der Besteller unverz\u00fcglich schriftlich zu benachrichtigen, wenn der gelieferte Gegenstand gepf\u00e4ndet oder sonstigen Eingriffen Dritter ausgesetzt ist. Soweit der Dritte nicht in der Lage ist, uns die gerichtlichen und au\u00dfergerichtlichen Kosten einer Klage gem\u00e4\u00df \u00a7 771 ZPO zu erstatten, haftet der Besteller f\u00fcr den uns entstandenen Ausfall.<\/p>\r\n<\/div>\r\n<div>\r\n<p>(3) Der Besteller ist zur Weiterver\u00e4u\u00dferung der Vorbehaltsware im normalen Gesch\u00e4ftsverkehr berechtigt. Die Forderungen des Abnehmers aus der Weiterver\u00e4u\u00dferung der Vorbehaltsware tritt der Besteller schon jetzt an uns in H\u00f6he des mit uns vereinbarten Faktura-Endbetrages (einschlie\u00dflich Mehrwertsteuer) ab. Diese Abtretung gilt unabh\u00e4ngig davon, ob die Kaufsache ohne oder nach Verarbeitung weiterverkauft worden ist. Der Besteller bleibt zur Einziehung der Forderung auch nach der Abtretung erm\u00e4chtigt. Unsere Befugnis, die Forderung selbst einzuziehen, bleibt davon unber\u00fchrt. Wir werden jedoch die Forderung nicht einziehen, solange der Besteller seinen Zahlungsverpflichtungen aus den vereinnahmten Erl\u00f6sen nachkommt, nicht in Zahlungsverzug ist und insbesondere kein Antrag auf Er\u00f6ffnung eines Insolvenzverfahrens gestellt ist oder Zahlungseinstellung vorliegt.<\/p>\r\n<\/div>\r\n<div>\r\n<p>(4) Die Be- und Verarbeitung oder Umbildung der Kaufsache durch den Besteller erfolgt stets Namens und im Auftrag f\u00fcr uns. In diesem Fall setzt sich das Anwartschaftsrecht des Bestellers an der Kaufsache an der umgebildeten Sache fort. Sofern die Kaufsache mit anderen, uns nicht geh\u00f6renden Gegenst\u00e4nden verarbeitet wird, erwerben wir das Miteigentum an der neuen Sache im Verh\u00e4ltnis des objektiven Wertes unserer Kaufsache zu den anderen bearbeiteten Gegenst\u00e4nden zur Zeit der Verarbeitung. Dasselbe gilt f\u00fcr den Fall der Vermischung. Sofern die Vermischung in der Weise erfolgt, dass die Sache des Bestellers als Hauptsache anzusehen ist, gilt als vereinbart, dass der Besteller uns anteilm\u00e4\u00dfig Miteigentum \u00fcbertr\u00e4gt und das so entstandene Alleineigentum oder Miteigentum f\u00fcr uns verwahrt. Zur Sicherung unserer Forderungen gegen den Besteller tritt der Besteller auch solche Forderungen an uns ab, die ihm durch die Verbindung der Vorbehaltsware mit einem Grundst\u00fcck gegen einen Dritten erwachsen; wir nehmen diese Abtretung schon jetzt an.<\/p>\r\n<\/div>\r\n<div>\r\n<p>(5) Wir verpflichten uns, die uns zustehenden Sicherheiten auf Verlangen des Bestellers freizugeben, soweit ihr Wert die zu sichernden Forderungen um mehr als 20 % \u00fcbersteigt.<\/p>\r\n<\/div>\r\n<div>\r\n<p>&nbsp;<\/p>\r\n<p><b>\u00a7 9 Gew\u00e4hrleistung und M\u00e4ngelr\u00fcge sowie R\u00fcckgriff\/Herstellerregress<\/b><\/p>\r\n<\/div>\r\n<div>\r\n<p>(1) Gew\u00e4hrleistungsrechte des Bestellers setzen voraus, dass dieser seinen nach \u00a7 377 HGB geschuldeten Untersuchungs- und R\u00fcgeobliegenheiten ordnungsgem\u00e4\u00df nachgekommen ist.<\/p>\r\n<\/div>\r\n<div>\r\n<p>(2) M\u00e4ngelanspr\u00fcche verj\u00e4hren in 12 Monaten nach erfolgter Ablieferung der von uns gelieferten Ware bei unserem Besteller. Vorstehende Bestimmungen gelten nicht, soweit das Gesetz gem\u00e4\u00df \u00a7 438 Abs. 1 Nr. 2 BGB (Bauwerke und Sachen f\u00fcr Bauwerke), \u00a7 479 Absatz 1 BGB (R\u00fcckgriffsanspruch) und \u00a7 634a Absatz 1 BGB (Baum\u00e4ngel) l\u00e4ngere Fristen zwingend vorschreibt. Vor etwaiger R\u00fccksendung der Ware ist unsere Zustimmung einzuholen.<\/p>\r\n<\/div>\r\n<div>\r\n<p>(3) Sollte trotz aller aufgewendeter Sorgfalt die gelieferte Ware einen Mangel aufweisen, der bereits zum Zeitpunkt des Gefahr\u00fcbergangs vorlag, so werden wir die Ware, vorbehaltlich fristgerechter M\u00e4ngelr\u00fcge nach unserer Wahl nachbessern oder Ersatzware liefern. Es ist uns stets Gelegenheit zur Nacherf\u00fcllung innerhalb angemessener Frist zu geben. R\u00fcckgriffsanspr\u00fcche bleiben von vorstehender Regelung ohne Einschr\u00e4nkung unber\u00fchrt.<\/p>\r\n<\/div>\r\n<div>\r\n<p>(4) Schl\u00e4gt die Nacherf\u00fcllung fehl, kann der Besteller \u2013 unbeschadet etwaiger Schadensersatzanspr\u00fcche \u2013 vom Vertrag zur\u00fccktreten oder die Verg\u00fctung mindern.<\/p>\r\n<\/div>\r\n<div>\r\n<p>(5) M\u00e4ngelanspr\u00fcche bestehen nicht bei nur unerheblicher Abweichung von der vereinbarten Beschaffenheit, bei nur unerheblicher Beeintr\u00e4chtigung der Brauchbarkeit, bei nat\u00fcrlicher Abnutzung oder Verschlei\u00df wie bei Sch\u00e4den, die nach dem Gefahr\u00fcbergang infolge fehlerhafter oder nachl\u00e4ssiger Behandlung, \u00fcberm\u00e4\u00dfiger Beanspruchung, ungeeigneter Betriebsmittel, mangelhafter Bauarbeiten, ungeeigneten Baugrundes oder aufgrund besonderer \u00e4u\u00dferer Einfl\u00fcsse entstehen, die nach dem Vertrag nicht vorausgesetzt sind. Werden vom Besteller oder Dritten unsachgem\u00e4\u00df Instandsetzungsarbeiten oder \u00c4nderungen vorgenommen, so bestehen f\u00fcr diese und die daraus entstehenden Folgen ebenfalls keine M\u00e4ngelanspr\u00fcche.<\/p>\r\n<\/div>\r\n<div>\r\n<p>(6) Anspr\u00fcche des Bestellers wegen der zum Zweck der Nacherf\u00fcllung erforderlichen Aufwendungen, insbesondere Transport-, Wege-, Arbeits- und Materialkosten, sind ausgeschlossen, soweit die Aufwendungen sich erh\u00f6hen, weil die von uns gelieferte Ware nachtr\u00e4glich an einen anderen Ort als die Niederlassung des Bestellers verbracht worden ist, es sei denn, die Verbringung entspricht ihrem bestimmungsgem\u00e4\u00dfen Gebrauch.<\/p>\r\n<\/div>\r\n<div>\r\n<p>(7) R\u00fcckgriffsanspr\u00fcche des Bestellers gegen uns bestehen nur insoweit, als der Besteller mit seinem Abnehmer keine \u00fcber die gesetzlich zwingenden M\u00e4ngelanspr\u00fcche hinausgehenden Vereinbarungen getroffen hat. F\u00fcr den Umfang des R\u00fcckgriffsanspruches des Bestellers gegen den Lieferer gilt ferner Absatz 6 entsprechend.<\/p>\r\n<\/div>\r\n<div>\r\n<p>&nbsp;<\/p>\r\n<p><b>\u00a7 10 Sonstiges<\/b><\/p>\r\n<\/div>\r\n<div>\r\n<p>(1) Dieser Vertrag und die gesamten Rechtsbeziehungen der Parteien unterliegen dem Recht der Bundesrepublik Deutschland unter Ausschluss des UN-Kaufrechts (CISG).<\/p>\r\n<\/div>\r\n<div>\r\n<p>(2) Erf\u00fcllungsort und ausschlie\u00dflicher Gerichtsstand und f\u00fcr alle Streitigkeiten aus diesem Vertrag ist unser Gesch\u00e4ftssitz, sofern sich aus der Auftragsbest\u00e4tigung nichts anderes ergibt.<\/p>\r\n<\/div>\r\n<div>\r\n<p>(3) Alle Vereinbarungen, die zwischen den Parteien zwecks Ausf\u00fchrung dieses Vertrages getroffen werden, sind in diesem Vertrag schriftlich niedergelegt.<\/p>\r\n<\/div>\r\n<div>\r\n<p>(4) Sollten einzelne Bestimmungen dieses Vertrages unwirksam sein oder werden oder eine L\u00fccke enthalten, so bleiben die \u00fcbrigen Bestimmungen hiervon unber\u00fchrt.<\/p>\r\n<\/div>\r\n<div>\r\n<p>&nbsp;<\/p>\r\n<p><b>Widerrufsrecht<\/b><\/p>\r\n<\/div>\r\n<div>\r\n<p>Weiterhin k\u00f6nnen Sie jederzeit Ihre Zustimmung zur Erhebung und Speicherung Ihrer personenbezogenen Daten durch die menio GmbH widerrufen.<br \/>Bei Bedarf schreiben Sie bitte an:<\/p>\r\n<\/div>\r\n<div>\r\n<p>menio GmbH<br \/>Alexanderstra\u00dfe 3<br \/>30159 Hannover<\/p>\r\n<\/div>\r\n<div>\r\n<p>oder senden Sie eine E-Mail an info@kamasys.de.<\/p>\r\n<\/div>\r\n<div>\r\n<p>Bitte haben Sie Verst\u00e4ndnis daf\u00fcr, dass wir im Falle Ihres Widerrufs bestimmte Dienste nicht mehr erbringen k\u00f6nnen.<\/p>\r\n<\/div>\r\n<p><a href=\"https:\/\/www.kamasys.de\/wp-content\/uploads\/2022\/08\/AGBs_kamasys_06_2021.pdf\" target=\"_blank\" rel=\"noopener\">AGB Download<\/a><\/p>\r\n<p>\u00a0<\/p>\r\n<p>[\/vc_column_text][\/vc_column][\/vc_row]<\/p><\/div>","protected":false},"excerpt":{"rendered":"<p>[vc_row][vc_column][vc_column_text uncode_shortcode_id=&#8220;139328&#8243;] Allgemeine Gesch\u00e4fts- und Verkaufsbedingungen der kamasys GmbH\u00a0 \u00a7 1 Geltungsbereich (1) Diese Verkaufsbedingungen gelten ausschlie\u00dflich und nur gegen\u00fcber [&hellip;]<\/p>\n","protected":false},"author":1,"featured_media":0,"parent":0,"menu_order":0,"comment_status":"closed","ping_status":"open","template":"","meta":{"footnotes":""},"class_list":["post-112202","page","type-page","status-publish","hentry"],"yoast_head":"<!-- This site is optimized with the Yoast SEO plugin v27.2 - https:\/\/yoast.com\/product\/yoast-seo-wordpress\/ -->\n<title>AGB - kamasys<\/title>\n<meta name=\"robots\" content=\"index, follow, max-snippet:-1, max-image-preview:large, max-video-preview:-1\" \/>\n<link rel=\"canonical\" href=\"https:\/\/www.kamasys.de\/index.php\/agb\/\" \/>\n<meta property=\"og:locale\" content=\"de_DE\" \/>\n<meta property=\"og:type\" content=\"article\" \/>\n<meta property=\"og:title\" content=\"AGB - kamasys\" \/>\n<meta property=\"og:description\" content=\"[vc_row][vc_column][vc_column_text uncode_shortcode_id=&#8220;139328&#8243;] Allgemeine Gesch\u00e4fts- und Verkaufsbedingungen der kamasys GmbH\u00a0 \u00a7 1 Geltungsbereich (1) Diese Verkaufsbedingungen gelten ausschlie\u00dflich und nur gegen\u00fcber [&hellip;]\" \/>\n<meta property=\"og:url\" content=\"https:\/\/www.kamasys.de\/index.php\/agb\/\" \/>\n<meta property=\"og:site_name\" content=\"kamasys\" \/>\n<meta property=\"article:publisher\" content=\"https:\/\/www.facebook.com\/kamasysgmbh\" \/>\n<meta property=\"article:modified_time\" content=\"2026-03-26T09:34:11+00:00\" \/>\n<meta name=\"twitter:card\" content=\"summary_large_image\" \/>\n<meta name=\"twitter:label1\" content=\"Gesch\u00e4tzte Lesezeit\" \/>\n\t<meta name=\"twitter:data1\" content=\"9\u00a0Minuten\" \/>\n<script type=\"application\/ld+json\" class=\"yoast-schema-graph\">{\"@context\":\"https:\/\/schema.org\",\"@graph\":[{\"@type\":\"WebPage\",\"@id\":\"https:\/\/www.kamasys.de\/index.php\/agb\/\",\"url\":\"https:\/\/www.kamasys.de\/index.php\/agb\/\",\"name\":\"AGB - kamasys\",\"isPartOf\":{\"@id\":\"https:\/\/www.kamasys.de\/#website\"},\"datePublished\":\"2022-08-29T08:22:15+00:00\",\"dateModified\":\"2026-03-26T09:34:11+00:00\",\"breadcrumb\":{\"@id\":\"https:\/\/www.kamasys.de\/index.php\/agb\/#breadcrumb\"},\"inLanguage\":\"de\",\"potentialAction\":[{\"@type\":\"ReadAction\",\"target\":[\"https:\/\/www.kamasys.de\/index.php\/agb\/\"]}]},{\"@type\":\"BreadcrumbList\",\"@id\":\"https:\/\/www.kamasys.de\/index.php\/agb\/#breadcrumb\",\"itemListElement\":[{\"@type\":\"ListItem\",\"position\":1,\"name\":\"Startseite\",\"item\":\"https:\/\/www.kamasys.de\/\"},{\"@type\":\"ListItem\",\"position\":2,\"name\":\"AGB\"}]},{\"@type\":\"WebSite\",\"@id\":\"https:\/\/www.kamasys.de\/#website\",\"url\":\"https:\/\/www.kamasys.de\/\",\"name\":\"kamasys\",\"description\":\"Wir digitalisieren die Gemeinschaftsverpflegung!\",\"potentialAction\":[{\"@type\":\"SearchAction\",\"target\":{\"@type\":\"EntryPoint\",\"urlTemplate\":\"https:\/\/www.kamasys.de\/?s={search_term_string}\"},\"query-input\":{\"@type\":\"PropertyValueSpecification\",\"valueRequired\":true,\"valueName\":\"search_term_string\"}}],\"inLanguage\":\"de\"}]}<\/script>\n<!-- \/ Yoast SEO plugin. -->","yoast_head_json":{"title":"AGB - kamasys","robots":{"index":"index","follow":"follow","max-snippet":"max-snippet:-1","max-image-preview":"max-image-preview:large","max-video-preview":"max-video-preview:-1"},"canonical":"https:\/\/www.kamasys.de\/index.php\/agb\/","og_locale":"de_DE","og_type":"article","og_title":"AGB - kamasys","og_description":"[vc_row][vc_column][vc_column_text uncode_shortcode_id=&#8220;139328&#8243;] Allgemeine Gesch\u00e4fts- und Verkaufsbedingungen der kamasys GmbH\u00a0 \u00a7 1 Geltungsbereich (1) Diese Verkaufsbedingungen gelten ausschlie\u00dflich und nur gegen\u00fcber [&hellip;]","og_url":"https:\/\/www.kamasys.de\/index.php\/agb\/","og_site_name":"kamasys","article_publisher":"https:\/\/www.facebook.com\/kamasysgmbh","article_modified_time":"2026-03-26T09:34:11+00:00","twitter_card":"summary_large_image","twitter_misc":{"Gesch\u00e4tzte Lesezeit":"9\u00a0Minuten"},"schema":{"@context":"https:\/\/schema.org","@graph":[{"@type":"WebPage","@id":"https:\/\/www.kamasys.de\/index.php\/agb\/","url":"https:\/\/www.kamasys.de\/index.php\/agb\/","name":"AGB - kamasys","isPartOf":{"@id":"https:\/\/www.kamasys.de\/#website"},"datePublished":"2022-08-29T08:22:15+00:00","dateModified":"2026-03-26T09:34:11+00:00","breadcrumb":{"@id":"https:\/\/www.kamasys.de\/index.php\/agb\/#breadcrumb"},"inLanguage":"de","potentialAction":[{"@type":"ReadAction","target":["https:\/\/www.kamasys.de\/index.php\/agb\/"]}]},{"@type":"BreadcrumbList","@id":"https:\/\/www.kamasys.de\/index.php\/agb\/#breadcrumb","itemListElement":[{"@type":"ListItem","position":1,"name":"Startseite","item":"https:\/\/www.kamasys.de\/"},{"@type":"ListItem","position":2,"name":"AGB"}]},{"@type":"WebSite","@id":"https:\/\/www.kamasys.de\/#website","url":"https:\/\/www.kamasys.de\/","name":"kamasys","description":"Wir digitalisieren die Gemeinschaftsverpflegung!","potentialAction":[{"@type":"SearchAction","target":{"@type":"EntryPoint","urlTemplate":"https:\/\/www.kamasys.de\/?s={search_term_string}"},"query-input":{"@type":"PropertyValueSpecification","valueRequired":true,"valueName":"search_term_string"}}],"inLanguage":"de"}]}},"_links":{"self":[{"href":"https:\/\/www.kamasys.de\/index.php\/wp-json\/wp\/v2\/pages\/112202","targetHints":{"allow":["GET"]}}],"collection":[{"href":"https:\/\/www.kamasys.de\/index.php\/wp-json\/wp\/v2\/pages"}],"about":[{"href":"https:\/\/www.kamasys.de\/index.php\/wp-json\/wp\/v2\/types\/page"}],"author":[{"embeddable":true,"href":"https:\/\/www.kamasys.de\/index.php\/wp-json\/wp\/v2\/users\/1"}],"replies":[{"embeddable":true,"href":"https:\/\/www.kamasys.de\/index.php\/wp-json\/wp\/v2\/comments?post=112202"}],"version-history":[{"count":5,"href":"https:\/\/www.kamasys.de\/index.php\/wp-json\/wp\/v2\/pages\/112202\/revisions"}],"predecessor-version":[{"id":115904,"href":"https:\/\/www.kamasys.de\/index.php\/wp-json\/wp\/v2\/pages\/112202\/revisions\/115904"}],"wp:attachment":[{"href":"https:\/\/www.kamasys.de\/index.php\/wp-json\/wp\/v2\/media?parent=112202"}],"curies":[{"name":"wp","href":"https:\/\/api.w.org\/{rel}","templated":true}]}}